{"id":12,"date":"2015-12-29T16:37:14","date_gmt":"2015-12-29T14:37:14","guid":{"rendered":"http:\/\/www.pratikosgb.com\/?page_id=12"},"modified":"2016-06-01T01:12:47","modified_gmt":"2016-05-31T22:12:47","slug":"hakkimizda","status":"publish","type":"page","link":"http:\/\/www.pratikosgb.com\/index.php\/kurumsal\/hakkimizda\/","title":{"rendered":"Hakk\u0131m\u0131zda"},"content":{"rendered":"<div class=\"vc_row wpb_row vc_row-fluid\"><div class=\"wpb_column vc_column_container vc_col-sm-8\"><div class=\"wpb_wrapper\">\n\t<div class=\"wpb_text_column wpb_content_element \">\n\t\t<div class=\"wpb_wrapper\">\n\t\t\t<p><strong>HAKKIMIZDA<\/strong><\/p>\n<p>\u0130\u015f sa\u011fl\u0131\u011f\u0131 ve g\u00fcvenli\u011fi hizmetlerini sunmak \u00fczere ortaklar\u0131n\u0131n on y\u0131ll\u0131 a\u015fan deneyimleri ile kurulan Pratik OSGB \u00c7al\u0131\u015fma ve Sosyal G\u00fcvenlik Bakanl\u0131\u011f\u0131\u2019ndan gerekli izin ve lisanslar\u0131n\u0131 tamamlayarak sekt\u00f6rde yerini alm\u0131\u015ft\u0131r. Pratik OSGB, g\u00f6n\u00fcl rahatl\u0131\u011f\u0131 ile \u00e7al\u0131\u015f\u0131labilecek i\u015f ortamlar\u0131n\u0131n olu\u015fmas\u0131 i\u00e7in birikimini payla\u015fmaya haz\u0131rd\u0131r.<\/p>\n<p>\u0130\u015f g\u00fcvenli\u011fi uzmanlar\u0131 ve i\u015f yeri hekimlerimiz \u201c\u0130\u015f G\u00fcvenli\u011fi ve \u0130\u015f Sa\u011fl\u0131\u011f\u0131\u201d mevzuat\u0131n\u0131n uyulmas\u0131 gereken bir zorunluluktan ziyade, \u00e7al\u0131\u015fanlar\u0131n g\u00fcvenli\u011fini ve sa\u011fl\u0131\u011f\u0131n\u0131 \u00f6nemseyen, verimi ve kaliteyi art\u0131ran bir ara\u00e7 olarak d\u00fc\u015f\u00fcn\u00fcp, inanmakta ve hizmetlerimizi bu bilincin verdi\u011fi sorumluluk anlay\u0131\u015f\u0131 ile sunmaktad\u0131rlar.<\/p>\n<p>Pratik OSGB;<\/p>\n<ul>\n<li>1997 y\u0131l\u0131ndan g\u00fcn\u00fcm\u00fcze Kalite Y\u00f6netim Sistemleri konusunda dan\u0131\u015fmanl\u0131k ve sonras\u0131nda denetim tecr\u00fcbesi,<\/li>\n<li>\u0130\u015f sa\u011fl\u0131\u011f\u0131 ve g\u00fcvenli\u011fi konusunda deneyimli ve uzman kadrosu,<\/li>\n<li>Hizmet verilen kurulu\u015flardan elde edilen kapsaml\u0131 ve \u00e7\u00f6z\u00fcm \u00fcreten tecr\u00fcbeler,<\/li>\n<li>A, B, C s\u0131n\u0131f\u0131 i\u015f g\u00fcvenli\u011fi uzmanlar\u0131 ve deneyimli i\u015f yeri hekimlerinden olu\u015fan ve y\u00fcksek d\u00fczeyde sorumluluk anlay\u0131\u015f\u0131na sahip, 25 ki\u015filik tecr\u00fcbeli kadrosu,<\/li>\n<li>Kaliteli ve uygun fiyat politikam\u0131zla sekt\u00f6rde tercih edilen \u015firketlerden birisidir.<\/li>\n<\/ul>\n<p>\u0130\u015f Sa\u011fl\u0131\u011f\u0131 ve G\u00fcvenli\u011fi konular\u0131na ilgi duyanlar\u0131n hizmetlerimiz hakk\u0131nda \u00f6n bilgi sahibi olmalar\u0131 amac\u0131yla web sitemiz olu\u015fturulmu\u015ftur. Hizmetlerimizden faydalanmak i\u00e7in Ba\u015fvuru formunu doldurarak bizim ile irtibata ge\u00e7iniz. Size en yak\u0131n zamanda en do\u011fru teklif ile geri d\u00f6n\u00fc\u015f yap\u0131lacakt\u0131r.<\/p>\n\n\t\t<\/div>\n\t<\/div>\n<\/div><\/div><div class=\"wpb_column vc_column_container vc_col-sm-4\"><div class=\"wpb_wrapper\"><div  class='title-box  '  data-wow-delay=\"0ms\" data-wow-iteration=\"1\" ><h2 class='title' >Kurumsal<\/h2><\/div>\n\t<div class=\"wpb_accordion wpb_content_element  not-column-inherit\" data-collapsible=\"\" data-vc-disable-keydown=\"false\" data-active-tab=\"1\">\n\t\t<div class=\"wpb_wrapper wpb_accordion_wrapper ui-accordion\">\n\n\n\t\t\t<div class=\"wpb_accordion_section group\">\n\t\t\t\t<h3 class=\"wpb_accordion_header ui-accordion-header \"  ><a  href=\"#vizyonumuz\">Vizyonumuz<\/a><\/h3>\n\t\t\t\t<div class=\"wpb_accordion_content ui-accordion-content vc_clearfix\">\n\t\t\t\t\n\t<div class=\"wpb_text_column wpb_content_element \">\n\t\t<div class=\"wpb_wrapper\">\n\t\t\t<p>PRAT\u0130K OSGB olarak vizyonumuz; \u0130\u015f kazas\u0131 ve meslek hastal\u0131klar\u0131n\u0131n \u00f6nlenmesi ile i\u015f sa\u011fl\u0131\u011f\u0131 ve g\u00fcvenli\u011fi k\u00fclt\u00fcr\u00fcn\u00fcn olu\u015fturulmas\u0131nda, insana de\u011fer veren, yetkin personeli ile kaliteli hizmetler sunan sekt\u00f6r\u00fcn\u00fcn aranan kurulu\u015flar\u0131ndan birisi olmakt\u0131r.<\/p>\n\n\t\t<\/div>\n\t<\/div>\n\n\t\t\t\t<\/div>\n\t\t\t<\/div> \n\n\t\t\t<div class=\"wpb_accordion_section group\">\n\t\t\t\t<h3 class=\"wpb_accordion_header ui-accordion-header \"  ><a  href=\"#misyonumuz\">Misyonumuz<\/a><\/h3>\n\t\t\t\t<div class=\"wpb_accordion_content ui-accordion-content vc_clearfix\">\n\t\t\t\t\n\t<div class=\"wpb_text_column wpb_content_element \">\n\t\t<div class=\"wpb_wrapper\">\n\t\t\t<p>Hizmet verdi\u011fimiz firmalar\u0131m\u0131z\u0131n i\u015f sa\u011fl\u0131\u011f\u0131 ve g\u00fcvenli\u011fi ile ilgili talep ve beklentilerini tespit ederek; yasalar\u0131n gerektirdi\u011fi \u015fartlar\u0131n etkin uygulanmas\u0131n\u0131 sa\u011flamak. \u00dclkemiz i\u015f hayat\u0131 insanlar\u0131n\u0131n sa\u011fl\u0131kl\u0131 ve g\u00fcvenli ortamlarda \u00e7al\u0131\u015fmalar\u0131n\u0131 temin ederek; i\u015fletmelerimizin gelece\u011fe g\u00fcvenle ilerleyebilmesini temin etmek. Ya\u015fam\u0131n her alan\u0131nda i\u015f sa\u011fl\u0131\u011f\u0131 ve g\u00fcvenli\u011fi k\u00fclt\u00fcr\u00fcn\u00fcn olu\u015fmas\u0131na katk\u0131da bulunmak.<\/p>\n\n\t\t<\/div>\n\t<\/div>\n\n\t\t\t\t<\/div>\n\t\t\t<\/div> \n\n\t\t\t<div class=\"wpb_accordion_section group\">\n\t\t\t\t<h3 class=\"wpb_accordion_header ui-accordion-header \"  ><a  href=\"#kalite-politikasi\">Kalite Politikas\u0131<\/a><\/h3>\n\t\t\t\t<div class=\"wpb_accordion_content ui-accordion-content vc_clearfix\">\n\t\t\t\t\n\t<div class=\"wpb_text_column wpb_content_element \">\n\t\t<div class=\"wpb_wrapper\">\n\t\t\t<p>S\u00fcrekli iyile\u015ftirme anlay\u0131\u015f\u0131 do\u011frultusunda; Yaslara ve mevzuatlara uygun i\u015f sa\u011fl\u0131\u011f\u0131 ve g\u00fcvenli\u011fi hizmetlerimizi, m\u00fc\u015fteri memnuniyetini en \u00fcst seviyede tutarak sunmakt\u0131r.<\/p>\n<p>\u0130\u015f sa\u011fl\u0131\u011f\u0131 ve g\u00fcvenli\u011fi hizmetlerimizi, insan \u00f6ncelikli olarak \u00e7evreye azami duyarl\u0131l\u0131k i\u00e7inde m\u00fc\u015fteri s\u0131rlar\u0131n\u0131 da muhafaza ederek ger\u00e7ekle\u015ftirmek temel politikam\u0131zd\u0131r.<\/p>\n\n\t\t<\/div>\n\t<\/div>\n\n\t\t\t\t<\/div>\n\t\t\t<\/div> \n\n\t\t\t<div class=\"wpb_accordion_section group\">\n\t\t\t\t<h3 class=\"wpb_accordion_header ui-accordion-header \"  ><a  href=\"#degerlerimiz\">De\u011ferlerimiz<\/a><\/h3>\n\t\t\t\t<div class=\"wpb_accordion_content ui-accordion-content vc_clearfix\">\n\t\t\t\t\n\t<div class=\"wpb_text_column wpb_content_element \">\n\t\t<div class=\"wpb_wrapper\">\n\t\t\t<ul>\n<li>M\u00fc\u015fteri odakl\u0131l\u0131k,<\/li>\n<li>M\u00fckemmele ula\u015fma inanc\u0131,<\/li>\n<li>Bilgi ve deneyimi payla\u015fma,<\/li>\n<li>Yenilik\u00e7ilik ve s\u00fcrekli iyile\u015ftirme,<\/li>\n<li>Gizlili\u011fe ve ahlaki kurallara uyma,<\/li>\n<li>Proaktif ve samimi hizmet sunma,<\/li>\n<li>E\u015fitlik, d\u00fcr\u00fcstl\u00fck ve yasalara ba\u011fl\u0131l\u0131k,<\/li>\n<li>Art\u0131 de\u011fer katan uzman hizmetler verme,<\/li>\n<li>M\u00fc\u015fterilerle i\u015fbirli\u011fi ve kamu yarar\u0131n\u0131 g\u00f6zetme<\/li>\n<\/ul>\n\n\t\t<\/div>\n\t<\/div>\n\n\t\t\t\t<\/div>\n\t\t\t<\/div> \n\n\t\t\t<div class=\"wpb_accordion_section group\">\n\t\t\t\t<h3 class=\"wpb_accordion_header ui-accordion-header \"  ><a  href=\"#belgelerimiz\">Belgelerimiz<\/a><\/h3>\n\t\t\t\t<div class=\"wpb_accordion_content ui-accordion-content vc_clearfix\">\n\t\t\t\t\n\t<div class=\"wpb_text_column wpb_content_element \">\n\t\t<div class=\"wpb_wrapper\">\n\t\t\t<p>Belgelerimiz<\/p>\n\n\t\t<\/div>\n\t<\/div>\n\n\t\t\t\t<\/div>\n\t\t\t<\/div> \n\n\t\t<\/div>\n\t<\/div>\n<\/div><\/div><\/div><div class=\"vc_row wpb_row vc_row-fluid vc_custom_1414757381039\"><div class=\"wpb_column vc_column_container vc_col-sm-12\"><div class=\"wpb_wrapper\">\t\t<div class=\"carousel-box load overflow \"  data-wow-delay=\"0ms\" data-wow-iteration=\"5\" >\r\n\t\t<div class=\"title-box\">\r\n\t\t\t<a class=\"next\" href=\"#\">\r\n\t\t\t\t<svg xmlns=\"http:\/\/www.w3.org\/2000\/svg\" xmlns:xlink=\"http:\/\/www.w3.org\/1999\/xlink\" x=\"0px\" y=\"0px\" width=\"9px\" height=\"16px\" viewBox=\"0 0 9 16\" enable-background=\"new 0 0 9 16\" xml:space=\"preserve\">\r\n\t\t\t\t\t<polygon fill-rule=\"evenodd\" clip-rule=\"evenodd\" fill=\"#fcfcfc\" points=\"1,0.001 0,1.001 7,8 0,14.999 1,15.999 9,8 \"><\/polygon>\r\n\t\t\t\t<\/svg>\r\n\t\t\t<\/a>\r\n\t\t\t<a class=\"prev\" href=\"#\">\r\n\t\t\t\t<svg xmlns=\"http:\/\/www.w3.org\/2000\/svg\" xmlns:xlink=\"http:\/\/www.w3.org\/1999\/xlink\" x=\"0px\" y=\"0px\" width=\"9px\" height=\"16px\" viewBox=\"0 0 9 16\" enable-background=\"new 0 0 9 16\" xml:space=\"preserve\">\r\n\t\t\t\t\t<polygon fill-rule=\"evenodd\" clip-rule=\"evenodd\" fill=\"#fcfcfc\" points=\"8,15.999 9,14.999 2,8 9,1.001 8,0.001 0,8 \"><\/polygon>\r\n\t\t\t\t<\/svg>\r\n\t\t\t<\/a>\r\n\t<h2 class=\"title\">Referanslar<\/h2>\t\t<\/div>\r\n\t\t<div class=\"clearfix\"><\/div>\r\n\t\t<div class=\"row\">\r\n\t        <div class=\"carousel carousel-links\">\r\n\t\t\t\t\t\t\t\t\t\t<div class=\"col-sm-3 col-md-2\">\r\n\t\t\t\t\t\t\t<a>\r\n\t\t\t\t\t\t\t\t<img decoding=\"async\" src=\"http:\/\/placehold.it\/200x100\" class=\"img-rounded\" alt=\"\">\r\n\t\t\t\t\t\t\t<\/a>\r\n\t\t\t\t\t\t<\/div>\r\n\r\n\t\t\t\t\t\t\t\t\t\t\t\t<div class=\"col-sm-3 col-md-2\">\r\n\t\t\t\t\t\t\t<a>\r\n\t\t\t\t\t\t\t\t<img decoding=\"async\" src=\"http:\/\/www.pratikosgb.com\/wp-content\/uploads\/2016\/05\/yildizhan-Tekstil-200x100_c.png\" class=\"img-rounded\" alt=\"\">\r\n\t\t\t\t\t\t\t<\/a>\r\n\t\t\t\t\t\t<\/div>\r\n\r\n\t\t\t\t\t\t\t\t\t\t\t\t<div class=\"col-sm-3 col-md-2\">\r\n\t\t\t\t\t\t\t<a>\r\n\t\t\t\t\t\t\t\t<img decoding=\"async\" src=\"http:\/\/www.pratikosgb.com\/wp-content\/uploads\/2016\/05\/yildirim-bombe-200x100_c.png\" class=\"img-rounded\" alt=\"\">\r\n\t\t\t\t\t\t\t<\/a>\r\n\t\t\t\t\t\t<\/div>\r\n\r\n\t\t\t\t\t\t\t\t\t\t\t\t<div class=\"col-sm-3 col-md-2\">\r\n\t\t\t\t\t\t\t<a>\r\n\t\t\t\t\t\t\t\t<img decoding=\"async\" src=\"http:\/\/www.pratikosgb.com\/wp-content\/uploads\/2016\/05\/Yesildag-200x100_c.png\" class=\"img-rounded\" alt=\"\">\r\n\t\t\t\t\t\t\t<\/a>\r\n\t\t\t\t\t\t<\/div>\r\n\r\n\t\t\t\t\t\t\t\t\t\t\t\t<div class=\"col-sm-3 col-md-2\">\r\n\t\t\t\t\t\t\t<a>\r\n\t\t\t\t\t\t\t\t<img decoding=\"async\" src=\"http:\/\/www.pratikosgb.com\/wp-content\/uploads\/2016\/05\/ustunsoy-Abaci-200x100_c.png\" class=\"img-rounded\" alt=\"\">\r\n\t\t\t\t\t\t\t<\/a>\r\n\t\t\t\t\t\t<\/div>\r\n\r\n\t\t\t\t\t\t\t\t\t\t\t\t<div class=\"col-sm-3 col-md-2\">\r\n\t\t\t\t\t\t\t<a>\r\n\t\t\t\t\t\t\t\t<img decoding=\"async\" src=\"http:\/\/www.pratikosgb.com\/wp-content\/uploads\/2016\/05\/UPS-Teknoloji-200x100_c.png\" class=\"img-rounded\" alt=\"\">\r\n\t\t\t\t\t\t\t<\/a>\r\n\t\t\t\t\t\t<\/div>\r\n\r\n\t\t\t\t\t\t\t\t\t\t\t\t<div class=\"col-sm-3 col-md-2\">\r\n\t\t\t\t\t\t\t<a>\r\n\t\t\t\t\t\t\t\t<img decoding=\"async\" src=\"http:\/\/www.pratikosgb.com\/wp-content\/uploads\/2016\/05\/sahnur-200x100_c.png\" class=\"img-rounded\" alt=\"\">\r\n\t\t\t\t\t\t\t<\/a>\r\n\t\t\t\t\t\t<\/div>\r\n\r\n\t\t\t\t\t\t\r\n\t        <\/div>\r\n\t\t<\/div>\r\n\t<\/div>\r\n\t<\/div><\/div><\/div>\n","protected":false},"excerpt":{"rendered":"\u015eahnur","protected":false},"author":1,"featured_media":0,"parent":9,"menu_order":0,"comment_status":"closed","ping_status":"closed","template":"templates\/template-full-width.php","meta":{"footnotes":""},"class_list":["post-12","page","type-page","status-publish","hentry"],"_links":{"self":[{"href":"http:\/\/www.pratikosgb.com\/index.php\/wp-json\/wp\/v2\/pages\/12"}],"collection":[{"href":"http:\/\/www.pratikosgb.com\/index.php\/wp-json\/wp\/v2\/pages"}],"about":[{"href":"http:\/\/www.pratikosgb.com\/index.php\/wp-json\/wp\/v2\/types\/page"}],"author":[{"embeddable":true,"href":"http:\/\/www.pratikosgb.com\/index.php\/wp-json\/wp\/v2\/users\/1"}],"replies":[{"embeddable":true,"href":"http:\/\/www.pratikosgb.com\/index.php\/wp-json\/wp\/v2\/comments?post=12"}],"version-history":[{"count":15,"href":"http:\/\/www.pratikosgb.com\/index.php\/wp-json\/wp\/v2\/pages\/12\/revisions"}],"predecessor-version":[{"id":2955,"href":"http:\/\/www.pratikosgb.com\/index.php\/wp-json\/wp\/v2\/pages\/12\/revisions\/2955"}],"up":[{"embeddable":true,"href":"http:\/\/www.pratikosgb.com\/index.php\/wp-json\/wp\/v2\/pages\/9"}],"wp:attachment":[{"href":"http:\/\/www.pratikosgb.com\/index.php\/wp-json\/wp\/v2\/media?parent=12"}],"curies":[{"name":"wp","href":"https:\/\/api.w.org\/{rel}","templated":true}]}}