{"id":18,"date":"2015-12-29T16:39:44","date_gmt":"2015-12-29T14:39:44","guid":{"rendered":"http:\/\/www.pratikosgb.com\/?page_id=18"},"modified":"2016-05-20T00:33:14","modified_gmt":"2016-05-19T21:33:14","slug":"kalite-politikamiz","status":"publish","type":"page","link":"http:\/\/www.pratikosgb.com\/index.php\/kurumsal\/kalite-politikamiz\/","title":{"rendered":"Kalite Politikam\u0131z"},"content":{"rendered":"<p>S\u00fcrekli iyile\u015ftirme anlay\u0131\u015f\u0131 do\u011frultusunda; Yaslara ve mevzuatlara uygun i\u015f sa\u011fl\u0131\u011f\u0131 ve g\u00fcvenli\u011fi hizmetlerimizi, m\u00fc\u015fteri memnuniyetini en \u00fcst seviyede tutarak sunmakt\u0131r.<\/p>\n<p>\u0130\u015f sa\u011fl\u0131\u011f\u0131 ve g\u00fcvenli\u011fi hizmetlerimizi, insan \u00f6ncelikli olarak \u00e7evreye azami duyarl\u0131l\u0131k i\u00e7inde m\u00fc\u015fteri s\u0131rlar\u0131n\u0131 da muhafaza ederek ger\u00e7ekle\u015ftirmek temel politikam\u0131zd\u0131r.<\/p>\n","protected":false},"excerpt":{"rendered":"<p>S\u00fcrekli iyile\u015ftirme anlay\u0131\u015f\u0131 do\u011frultusunda; Yaslara ve mevzuatlara uygun i\u015f sa\u011fl\u0131\u011f\u0131 ve g\u00fcvenli\u011fi hizmetlerimizi, m\u00fc\u015fteri memnuniyetini en \u00fcst seviyede tutarak sunmakt\u0131r. \u0130\u015f sa\u011fl\u0131\u011f\u0131 ve g\u00fcvenli\u011fi hizmetlerimizi, insan \u00f6ncelikli olarak \u00e7evreye azami duyarl\u0131l\u0131k i\u00e7inde m\u00fc\u015fteri s\u0131rlar\u0131n\u0131 da muhafaza ederek ger\u00e7ekle\u015ftirmek temel politikam\u0131zd\u0131r.<\/p>\n","protected":false},"author":1,"featured_media":0,"parent":9,"menu_order":0,"comment_status":"closed","ping_status":"closed","template":"","meta":{"footnotes":""},"class_list":["post-18","page","type-page","status-publish","hentry"],"_links":{"self":[{"href":"http:\/\/www.pratikosgb.com\/index.php\/wp-json\/wp\/v2\/pages\/18"}],"collection":[{"href":"http:\/\/www.pratikosgb.com\/index.php\/wp-json\/wp\/v2\/pages"}],"about":[{"href":"http:\/\/www.pratikosgb.com\/index.php\/wp-json\/wp\/v2\/types\/page"}],"author":[{"embeddable":true,"href":"http:\/\/www.pratikosgb.com\/index.php\/wp-json\/wp\/v2\/users\/1"}],"replies":[{"embeddable":true,"href":"http:\/\/www.pratikosgb.com\/index.php\/wp-json\/wp\/v2\/comments?post=18"}],"version-history":[{"count":3,"href":"http:\/\/www.pratikosgb.com\/index.php\/wp-json\/wp\/v2\/pages\/18\/revisions"}],"predecessor-version":[{"id":2705,"href":"http:\/\/www.pratikosgb.com\/index.php\/wp-json\/wp\/v2\/pages\/18\/revisions\/2705"}],"up":[{"embeddable":true,"href":"http:\/\/www.pratikosgb.com\/index.php\/wp-json\/wp\/v2\/pages\/9"}],"wp:attachment":[{"href":"http:\/\/www.pratikosgb.com\/index.php\/wp-json\/wp\/v2\/media?parent=18"}],"curies":[{"name":"wp","href":"https:\/\/api.w.org\/{rel}","templated":true}]}}