{"id":2513,"date":"2015-12-29T23:24:45","date_gmt":"2015-12-29T21:24:45","guid":{"rendered":"http:\/\/www.pratikosgb.com\/?page_id=2513"},"modified":"2016-02-21T21:39:50","modified_gmt":"2016-02-21T19:39:50","slug":"isyeri-hekimligi-ve-saglik-raporu","status":"publish","type":"page","link":"http:\/\/www.pratikosgb.com\/index.php\/hizmetlerimiz\/isyeri-hekimligi-ve-saglik-raporu\/","title":{"rendered":"\u0130\u015fyeri Hekimli\u011fi ve Sa\u011fl\u0131k Raporu"},"content":{"rendered":"<p>1.\u0130\u015f sa\u011fl\u0131\u011f\u0131 ve g\u00fcvenli\u011fi hizmetleri kapsam\u0131nda \u00e7al\u0131\u015fanlar\u0131n sa\u011fl\u0131k g\u00f6zetimi ve \u00e7al\u0131\u015fma ortam\u0131n\u0131n g\u00f6zetimi ile ilgili i\u015fverene rehberlik yapmak.<\/p>\n<p>2.\u0130\u015f sa\u011fl\u0131\u011f\u0131 ve g\u00fcvenli\u011fi y\u00f6n\u00fcnden risk de\u011ferlendirmesi yap\u0131lmas\u0131yla ilgili \u00e7al\u0131\u015fmalara ve uygulanmas\u0131na kat\u0131lmak, risk de\u011ferlendirmesi sonucunda al\u0131nmas\u0131 gereken sa\u011fl\u0131k ve g\u00fcvenlik \u00f6nlemleri konusunda i\u015fverene \u00f6nerilerde bulunmak ve takibini yapmak.<\/p>\n<p>3.Sa\u011fl\u0131k g\u00f6zetimi kapsam\u0131nda yap\u0131lacak i\u015fe giri\u015f ve periyodik muayeneler ve tetkikler ile ilgili olarak \u00e7al\u0131\u015fanlar\u0131 bilgilendirmek ve onlar\u0131n r\u0131zas\u0131n\u0131 almak.<\/p>\n<p>4.\u00c7al\u0131\u015fanlar\u0131n i\u015f sa\u011fl\u0131\u011f\u0131 ve g\u00fcvenli\u011fi e\u011fitimlerinin ilgili mevzuata uygun olarak planlanmas\u0131 konusunda \u00e7al\u0131\u015fma yaparak i\u015fverenin onay\u0131na sunma ve uygulamalar\u0131n\u0131 yapmak veya kontrol etmek.<\/p>\n<p>5.\u0130lgili birimlerle i\u015fbirli\u011fi yapar.<\/p>\n","protected":false},"excerpt":{"rendered":"<p>1.\u0130\u015f sa\u011fl\u0131\u011f\u0131 ve g\u00fcvenli\u011fi hizmetleri kapsam\u0131nda \u00e7al\u0131\u015fanlar\u0131n sa\u011fl\u0131k g\u00f6zetimi ve \u00e7al\u0131\u015fma ortam\u0131n\u0131n g\u00f6zetimi ile ilgili i\u015fverene rehberlik yapmak. 2.\u0130\u015f sa\u011fl\u0131\u011f\u0131 ve g\u00fcvenli\u011fi y\u00f6n\u00fcnden risk de\u011ferlendirmesi yap\u0131lmas\u0131yla ilgili \u00e7al\u0131\u015fmalara ve uygulanmas\u0131na kat\u0131lmak, risk de\u011ferlendirmesi sonucunda al\u0131nmas\u0131 gereken sa\u011fl\u0131k ve g\u00fcvenlik \u00f6nlemleri konusunda i\u015fverene \u00f6nerilerde bulunmak ve takibini yapmak. 3.Sa\u011fl\u0131k g\u00f6zetimi kapsam\u0131nda yap\u0131lacak i\u015fe giri\u015f ve periyodik [&hellip;]<\/p>\n","protected":false},"author":1,"featured_media":0,"parent":2500,"menu_order":0,"comment_status":"closed","ping_status":"closed","template":"","meta":{"footnotes":""},"class_list":["post-2513","page","type-page","status-publish","hentry"],"_links":{"self":[{"href":"http:\/\/www.pratikosgb.com\/index.php\/wp-json\/wp\/v2\/pages\/2513"}],"collection":[{"href":"http:\/\/www.pratikosgb.com\/index.php\/wp-json\/wp\/v2\/pages"}],"about":[{"href":"http:\/\/www.pratikosgb.com\/index.php\/wp-json\/wp\/v2\/types\/page"}],"author":[{"embeddable":true,"href":"http:\/\/www.pratikosgb.com\/index.php\/wp-json\/wp\/v2\/users\/1"}],"replies":[{"embeddable":true,"href":"http:\/\/www.pratikosgb.com\/index.php\/wp-json\/wp\/v2\/comments?post=2513"}],"version-history":[{"count":3,"href":"http:\/\/www.pratikosgb.com\/index.php\/wp-json\/wp\/v2\/pages\/2513\/revisions"}],"predecessor-version":[{"id":2647,"href":"http:\/\/www.pratikosgb.com\/index.php\/wp-json\/wp\/v2\/pages\/2513\/revisions\/2647"}],"up":[{"embeddable":true,"href":"http:\/\/www.pratikosgb.com\/index.php\/wp-json\/wp\/v2\/pages\/2500"}],"wp:attachment":[{"href":"http:\/\/www.pratikosgb.com\/index.php\/wp-json\/wp\/v2\/media?parent=2513"}],"curies":[{"name":"wp","href":"https:\/\/api.w.org\/{rel}","templated":true}]}}