{"id":2522,"date":"2015-12-29T23:28:39","date_gmt":"2015-12-29T21:28:39","guid":{"rendered":"http:\/\/www.pratikosgb.com\/?page_id=2522"},"modified":"2016-01-01T21:48:05","modified_gmt":"2016-01-01T19:48:05","slug":"periyodik-saglik-taramalari","status":"publish","type":"page","link":"http:\/\/www.pratikosgb.com\/index.php\/hizmetlerimiz\/periyodik-saglik-taramalari\/","title":{"rendered":"Periyodik Sa\u011fl\u0131k Taramalar\u0131"},"content":{"rendered":"<h1 class=\"entry-title\">Periyodik Sa\u011fl\u0131k Taramas\u0131<\/h1>\n<div class=\"entry-content\">\n<div>Sa\u011fl\u0131k Tarama Hizmetlerimiz<\/div>\n<div><\/div>\n<div>A) Akci\u011fer Grafisi<\/div>\n<div>B) Odiometri (\u0130\u015fitme Testi)<\/div>\n<div>C) Solunum Fonksiyon Testi (SFT)D) Port\u00f6r Muayenesi<\/p>\n<p>E) A\u015f\u0131lar<\/p>\n<p>F) Laboratuvar Tetkikleri<\/p>\n<\/div>\n<div>\n<ul>\n<li>Kan say\u0131m\u0131 (Hemogram)<\/li>\n<li>Tam idrar tahlili<\/li>\n<li>Karaci\u011fer fonksiyon testleri (Ast,Alt,GGT)<\/li>\n<li>B\u00f6brek fonksiyon testleri (\u00dcre,Kreatinin)<\/li>\n<li>Hepatit B testi<\/li>\n<li>Serolojik tetkikler<\/li>\n<li>\u0130drarda fenol ve\u00a0Hippurik asit<\/li>\n<li>kanda kur\u015fun, civa ve a\u011f\u0131r metal tayini<\/li>\n<li><\/li>\n<\/ul>\n<\/div>\n<div>\n<p>&nbsp;<\/p>\n<p>HAYAT KURTARMAK S\u0130Z\u0130N EL\u0130N\u0130ZDE!<\/p>\n<p>Ya\u015fad\u0131\u011f\u0131m\u0131z s\u00fcrece \u00e7e\u015fitli nedenlerle yaralanmalar veya hastal\u0131klarla kar\u015f\u0131la\u015fmam\u0131z ka\u00e7\u0131n\u0131lmazd\u0131r. Ya\u015fam\u0131m\u0131z\u0131n \u00e7e\u015fitli d\u00f6nemlerinde, bulundu\u011fumuz her ortamda kaza ve hastalanma riski ta\u015f\u0131maktay\u0131z. Bu gibi durumlarla kar\u015f\u0131la\u015ft\u0131\u011f\u0131m\u0131zda, m\u00fcdahalede bulunanlar\u0131n ilk yard\u0131m e\u011fitimi alm\u0131\u015f olmalar\u0131, ya\u015fam\u0131n s\u00fcrd\u00fcr\u00fclmesinde, sakatlanmalar\u0131n \u00f6nlenmesinde ve iyile\u015fme s\u00fcrecinin k\u0131salt\u0131lmas\u0131nda belirleyici rol oynayacakt\u0131r.<\/p>\n<\/div>\n<\/div>\n","protected":false},"excerpt":{"rendered":"<p>Periyodik Sa\u011fl\u0131k Taramas\u0131 Sa\u011fl\u0131k Tarama Hizmetlerimiz A) Akci\u011fer Grafisi B) Odiometri (\u0130\u015fitme Testi) C) Solunum Fonksiyon Testi (SFT)D) Port\u00f6r Muayenesi E) A\u015f\u0131lar F) Laboratuvar Tetkikleri Kan say\u0131m\u0131 (Hemogram) Tam idrar tahlili Karaci\u011fer fonksiyon testleri (Ast,Alt,GGT) B\u00f6brek fonksiyon testleri (\u00dcre,Kreatinin) Hepatit B testi Serolojik tetkikler \u0130drarda fenol ve\u00a0Hippurik asit kanda kur\u015fun, civa ve a\u011f\u0131r metal tayini [&hellip;]<\/p>\n","protected":false},"author":1,"featured_media":0,"parent":2500,"menu_order":0,"comment_status":"closed","ping_status":"closed","template":"","meta":{"footnotes":""},"class_list":["post-2522","page","type-page","status-publish","hentry"],"_links":{"self":[{"href":"http:\/\/www.pratikosgb.com\/index.php\/wp-json\/wp\/v2\/pages\/2522"}],"collection":[{"href":"http:\/\/www.pratikosgb.com\/index.php\/wp-json\/wp\/v2\/pages"}],"about":[{"href":"http:\/\/www.pratikosgb.com\/index.php\/wp-json\/wp\/v2\/types\/page"}],"author":[{"embeddable":true,"href":"http:\/\/www.pratikosgb.com\/index.php\/wp-json\/wp\/v2\/users\/1"}],"replies":[{"embeddable":true,"href":"http:\/\/www.pratikosgb.com\/index.php\/wp-json\/wp\/v2\/comments?post=2522"}],"version-history":[{"count":2,"href":"http:\/\/www.pratikosgb.com\/index.php\/wp-json\/wp\/v2\/pages\/2522\/revisions"}],"predecessor-version":[{"id":2613,"href":"http:\/\/www.pratikosgb.com\/index.php\/wp-json\/wp\/v2\/pages\/2522\/revisions\/2613"}],"up":[{"embeddable":true,"href":"http:\/\/www.pratikosgb.com\/index.php\/wp-json\/wp\/v2\/pages\/2500"}],"wp:attachment":[{"href":"http:\/\/www.pratikosgb.com\/index.php\/wp-json\/wp\/v2\/media?parent=2522"}],"curies":[{"name":"wp","href":"https:\/\/api.w.org\/{rel}","templated":true}]}}