{"id":2524,"date":"2015-12-29T23:30:41","date_gmt":"2015-12-29T21:30:41","guid":{"rendered":"http:\/\/www.pratikosgb.com\/?page_id=2524"},"modified":"2016-02-21T22:25:02","modified_gmt":"2016-02-21T20:25:02","slug":"acil-eylem-plani","status":"publish","type":"page","link":"http:\/\/www.pratikosgb.com\/index.php\/hizmetlerimiz\/acil-eylem-plani\/","title":{"rendered":"Acil Eylem Plan\u0131"},"content":{"rendered":"<h1 class=\"entry-title\">Acil Eylem Plan\u0131<\/h1>\n<p><b>Acil Eylem Planlar\u0131: <\/b>Acil durumlarda yap\u0131lmas\u0131 gereken i\u015fler ve ilgili g\u00f6revlilerin se\u00e7ilip olaydan en az hasarla kurtulman\u0131n yollar\u0131n\u0131n planlanmas\u0131 i\u00e7in yap\u0131lacak \u00e7al\u0131\u015fmad\u0131r.<\/p>\n<div class=\"entry-content\">\n<div>\n<p><strong>Acil Durum Planlamas\u0131<\/strong>Acil Durum Planlamas\u0131, meydana gelebilecek yang\u0131n, deprem, sel v.b. do\u011fal afetler ile sabotaj gibi b\u00fcy\u00fck zarar ve hasara sebep olabilecek risklerle m\u00fccadele edilmesi i\u00e7in gerekli tedbirlerin yasal mevzuatlara uygun olarak al\u0131nmas\u0131d\u0131r.\u00a0Acil Durum Planlamas\u0131\u00a0\u00e7er\u00e7evesinde en az alt\u0131 ayda bir yap\u0131lacak tatbikatla personelin e\u011fitimi ve meydana gelebilecek zarar ve hasarlar\u0131n \u00f6n\u00fcne ge\u00e7ilmesi ama\u00e7lanmaktad\u0131r.<\/p>\n<p>Firmalar olas\u0131 acil durumlara haz\u0131rl\u0131k i\u00e7in \u015fu maddeleri belirlemelidir :<\/p>\n<p>1. Tahliye<\/p>\n<\/div>\n<div>2. Acil durum ekipleri<\/div>\n<div>3. Haberle\u015fme organizasyonu<\/div>\n<div>4. Toplanma b\u00f6lgeleri<\/div>\n<div>5. Medya ile ili\u015fkiler<\/div>\n<div>6. Tahliye ve s\u00f6nd\u00fcrme tatbikatlar\u0131n\u0131n senaryo ve raporlanmas\u0131<\/div>\n<div>7. Kimyasal d\u00f6k\u00fclme ve kirlenmelere kar\u015f\u0131 al\u0131nacak \u00f6nlemler<\/div>\n<\/div>\n","protected":false},"excerpt":{"rendered":"<p>Acil Eylem Plan\u0131 Acil Eylem Planlar\u0131: Acil durumlarda yap\u0131lmas\u0131 gereken i\u015fler ve ilgili g\u00f6revlilerin se\u00e7ilip olaydan en az hasarla kurtulman\u0131n yollar\u0131n\u0131n planlanmas\u0131 i\u00e7in yap\u0131lacak \u00e7al\u0131\u015fmad\u0131r. Acil Durum Planlamas\u0131Acil Durum Planlamas\u0131, meydana gelebilecek yang\u0131n, deprem, sel v.b. do\u011fal afetler ile sabotaj gibi b\u00fcy\u00fck zarar ve hasara sebep olabilecek risklerle m\u00fccadele edilmesi i\u00e7in gerekli tedbirlerin yasal mevzuatlara [&hellip;]<\/p>\n","protected":false},"author":1,"featured_media":0,"parent":2500,"menu_order":0,"comment_status":"closed","ping_status":"closed","template":"","meta":{"footnotes":""},"class_list":["post-2524","page","type-page","status-publish","hentry"],"_links":{"self":[{"href":"http:\/\/www.pratikosgb.com\/index.php\/wp-json\/wp\/v2\/pages\/2524"}],"collection":[{"href":"http:\/\/www.pratikosgb.com\/index.php\/wp-json\/wp\/v2\/pages"}],"about":[{"href":"http:\/\/www.pratikosgb.com\/index.php\/wp-json\/wp\/v2\/types\/page"}],"author":[{"embeddable":true,"href":"http:\/\/www.pratikosgb.com\/index.php\/wp-json\/wp\/v2\/users\/1"}],"replies":[{"embeddable":true,"href":"http:\/\/www.pratikosgb.com\/index.php\/wp-json\/wp\/v2\/comments?post=2524"}],"version-history":[{"count":3,"href":"http:\/\/www.pratikosgb.com\/index.php\/wp-json\/wp\/v2\/pages\/2524\/revisions"}],"predecessor-version":[{"id":2641,"href":"http:\/\/www.pratikosgb.com\/index.php\/wp-json\/wp\/v2\/pages\/2524\/revisions\/2641"}],"up":[{"embeddable":true,"href":"http:\/\/www.pratikosgb.com\/index.php\/wp-json\/wp\/v2\/pages\/2500"}],"wp:attachment":[{"href":"http:\/\/www.pratikosgb.com\/index.php\/wp-json\/wp\/v2\/media?parent=2524"}],"curies":[{"name":"wp","href":"https:\/\/api.w.org\/{rel}","templated":true}]}}