{"id":2528,"date":"2015-12-29T23:48:24","date_gmt":"2015-12-29T21:48:24","guid":{"rendered":"http:\/\/www.pratikosgb.com\/?page_id=2528"},"modified":"2016-01-01T21:41:11","modified_gmt":"2016-01-01T19:41:11","slug":"mobil-saglik-ve-portor-muayenesi","status":"publish","type":"page","link":"http:\/\/www.pratikosgb.com\/index.php\/hizmetlerimiz\/mobil-saglik-ve-portor-muayenesi\/","title":{"rendered":"Mobil Sa\u011fl\u0131k ve Port\u00f6r Muayenesi"},"content":{"rendered":"<h1 class=\"entry-title\">Mobil Sa\u011fl\u0131k ve Port\u00f6r Muayenesi<\/h1>\n<div class=\"entry-content\">\n<p><strong>Mobil Sa\u011fl\u0131k<\/strong><\/p>\n<div>Firmalar\u0131n yasal olarak \u00e7al\u0131\u015fanlar\u0131na yapt\u0131rmak zorunda olduklar\u0131 t\u00fcm periyodik sa\u011fl\u0131k tetkik hizmetlerini firmalar\u0131n\u0131z\u0131n \u00e7al\u0131\u015fma mekanlar\u0131nda vermekteyiz. B\u00f6ylece firmalar\u0131n\u00a0i\u015fg\u00fcc\u00fcve\u00a0zaman\u00a0kay\u0131plar\u0131n\u0131n \u00f6n\u00fcn\u00fc ge\u00e7ilmektedir. Mobil sa\u011fl\u0131k birimlerimizde g\u00f6revli uzman i\u015fyeri hekimlerimiz ve sa\u011fl\u0131k memurlar\u0131m\u0131z \u00e7al\u0131\u015fanlar\u0131n\u0131z\u0131n ilgili mevzuat \u00e7er\u00e7evesindeki t\u00fcm t\u0131bbi hizmetlerini i\u015fyerinize ula\u015fan tam donan\u0131ml\u0131 mobil ara\u00e7lar\u0131m\u0131z i\u00e7erisinde yapmakta ve resmi raporlar\u0131n\u0131 d\u00fczenlemektedirler.<\/div>\n<div><\/div>\n<div><strong>\u00a0Port\u00f6r Muayenesi<\/strong><\/div>\n<div>\n<div><\/div>\n<div>G\u0131da i\u015flerinde \u00e7al\u0131\u015fan i\u015f\u00e7ilerin bula\u015f\u0131c\u0131 hastal\u0131klar\u0131n\u0131n olup olmad\u0131\u011f\u0131n\u0131n belirlenmesi amac\u0131yla; periyodik olarak 3 ayda bir kez port\u00f6r taramas\u0131ndan ge\u00e7irilmeleri sa\u011flanmal\u0131d\u0131r. (\u0130\u015f Kanunu Madde:77, \u0130\u015f\u00e7i Sa\u011fl\u0131\u011f\u0131 ve \u0130\u015f G\u00fcvenli\u011fi T\u00fcz\u00fc\u011f\u00fc Madde:57\/7, Umumi H\u0131fz. Kanunu Madde:126)<\/div>\n<\/div>\n<\/div>\n","protected":false},"excerpt":{"rendered":"<p>Mobil Sa\u011fl\u0131k ve Port\u00f6r Muayenesi Mobil Sa\u011fl\u0131k Firmalar\u0131n yasal olarak \u00e7al\u0131\u015fanlar\u0131na yapt\u0131rmak zorunda olduklar\u0131 t\u00fcm periyodik sa\u011fl\u0131k tetkik hizmetlerini firmalar\u0131n\u0131z\u0131n \u00e7al\u0131\u015fma mekanlar\u0131nda vermekteyiz. B\u00f6ylece firmalar\u0131n\u00a0i\u015fg\u00fcc\u00fcve\u00a0zaman\u00a0kay\u0131plar\u0131n\u0131n \u00f6n\u00fcn\u00fc ge\u00e7ilmektedir. Mobil sa\u011fl\u0131k birimlerimizde g\u00f6revli uzman i\u015fyeri hekimlerimiz ve sa\u011fl\u0131k memurlar\u0131m\u0131z \u00e7al\u0131\u015fanlar\u0131n\u0131z\u0131n ilgili mevzuat \u00e7er\u00e7evesindeki t\u00fcm t\u0131bbi hizmetlerini i\u015fyerinize ula\u015fan tam donan\u0131ml\u0131 mobil ara\u00e7lar\u0131m\u0131z i\u00e7erisinde yapmakta ve resmi raporlar\u0131n\u0131 [&hellip;]<\/p>\n","protected":false},"author":1,"featured_media":0,"parent":2500,"menu_order":0,"comment_status":"closed","ping_status":"closed","template":"","meta":{"footnotes":""},"class_list":["post-2528","page","type-page","status-publish","hentry"],"_links":{"self":[{"href":"http:\/\/www.pratikosgb.com\/index.php\/wp-json\/wp\/v2\/pages\/2528"}],"collection":[{"href":"http:\/\/www.pratikosgb.com\/index.php\/wp-json\/wp\/v2\/pages"}],"about":[{"href":"http:\/\/www.pratikosgb.com\/index.php\/wp-json\/wp\/v2\/types\/page"}],"author":[{"embeddable":true,"href":"http:\/\/www.pratikosgb.com\/index.php\/wp-json\/wp\/v2\/users\/1"}],"replies":[{"embeddable":true,"href":"http:\/\/www.pratikosgb.com\/index.php\/wp-json\/wp\/v2\/comments?post=2528"}],"version-history":[{"count":2,"href":"http:\/\/www.pratikosgb.com\/index.php\/wp-json\/wp\/v2\/pages\/2528\/revisions"}],"predecessor-version":[{"id":2608,"href":"http:\/\/www.pratikosgb.com\/index.php\/wp-json\/wp\/v2\/pages\/2528\/revisions\/2608"}],"up":[{"embeddable":true,"href":"http:\/\/www.pratikosgb.com\/index.php\/wp-json\/wp\/v2\/pages\/2500"}],"wp:attachment":[{"href":"http:\/\/www.pratikosgb.com\/index.php\/wp-json\/wp\/v2\/media?parent=2528"}],"curies":[{"name":"wp","href":"https:\/\/api.w.org\/{rel}","templated":true}]}}