{"id":2534,"date":"2015-12-29T23:50:01","date_gmt":"2015-12-29T21:50:01","guid":{"rendered":"http:\/\/www.pratikosgb.com\/?page_id=2534"},"modified":"2016-01-01T21:51:52","modified_gmt":"2016-01-01T19:51:52","slug":"periyodik-kontroller","status":"publish","type":"page","link":"http:\/\/www.pratikosgb.com\/index.php\/hizmetlerimiz\/periyodik-kontroller\/","title":{"rendered":"Periyodik Kontroller"},"content":{"rendered":"<h1 class=\"entry-title\">Periyodik Kontroller<\/h1>\n<div class=\"entry-content\">\n<p>\u0130\u015f Yeri Periyodik \u00d6l\u00e7\u00fcmler ve Periyodik Kontroller<\/p>\n<div>\u0130\u015f Yeri Periyodik Kontroller<\/div>\n<div><\/div>\n<div><strong>Kald\u0131rma Ara\u00e7lar\u0131 Periyodik Kontrollerimiz;<\/strong><\/div>\n<div><\/div>\n<div>&#8211; Forklift Periyodik Kontrol\u00fc<\/div>\n<div>&#8211; Transpalet Periyodik Kontrol\u00fc<\/div>\n<div>&#8211; Mobil Vin\u00e7 Periyodik Kontrol\u00fc<\/div>\n<div>&#8211; Vin\u00e7 Periyodik Kontrol\u00fc<\/div>\n<div>&#8211; Caraskal Periyodik Kontrol\u00fc<\/div>\n<div>&#8211; Y\u00fck Asans\u00f6r\u00fc Periyodik Kontrol\u00fc<\/div>\n<div>&#8211; Ara\u00e7 Kald\u0131rma Lifti Periyodik Kontrol\u00fc<\/div>\n<div>&#8211; Kald\u0131rma Platformu Periyodik Kontrol\u00fc<\/div>\n<div>&#8211; Manlift Periyodik Kontrol\u00fc<\/div>\n<div>&#8211; Sepetli Platform Periyodik Kontrol\u00fc<\/div>\n<div><\/div>\n<div><strong>Bas\u0131n\u00e7l\u0131 Kap Periyodik Kontrol\u00fc<\/strong><\/div>\n<div><\/div>\n<div>&#8211; Kalorifer Kazan\u0131 Periyodik Kontrol\u00fc<\/div>\n<div>&#8211; S\u0131cak Su Kazan\u0131 Periyodik Kontrol\u00fc<\/div>\n<div>&#8211; Buhar Kazan\u0131 Periyodik Kontrol\u00fc<\/div>\n<div>&#8211; K\u0131zg\u0131n Ya\u011f Kazan\u0131 Periyodik Kontrol\u00fc<\/div>\n<div>&#8211; Kompres\u00f6r Periyodik Kontrol\u00fc<\/div>\n<div>&#8211; Hidrofor Periyodik Kontrol\u00fc<\/div>\n<div>&#8211; Hava Tank\u0131 Periyodik Kontrol\u00fc<\/div>\n<div>&#8211; Otoklav Periyodik Kontrol\u00fc<\/div>\n<div>&#8211; Sanayi Gazlar\u0131n\u0131n Tank Kontrol\u00fc<\/div>\n<div>&#8211; LPG Tank\u0131 Periyodik Kontrol\u00fc<\/div>\n<div><\/div>\n<div><strong>Elektrik ve Topraklama \u00d6l\u00e7\u00fcmlerimiz;<\/strong><\/div>\n<div><\/div>\n<div>&#8211; Elektrik Tesisat\u0131 Topraklama \u00d6l\u00e7\u00fcm\u00fc<\/div>\n<div>&#8211; Elektrik Panolar\u0131n\u0131n Topraklama \u00d6l\u00e7\u00fcm\u00fc<\/div>\n<div>&#8211; Makinalar\u0131n Topraklama \u00d6l\u00e7\u00fcm\u00fc<\/div>\n<div>&#8211; Jenarat\u00f6r Topraklama \u00d6l\u00e7\u00fcm\u00fc<\/div>\n<div>&#8211; Paratoner Topraklama \u00d6l\u00e7\u00fcm\u00fc<\/div>\n<div>&#8211; Elektrik Trafosu Ya\u011f Testi<\/div>\n<div>&#8211; Ayd\u0131nl\u0131k \u015eiddeti \u00d6l\u00e7\u00fcm\u00fc<\/div>\n<div>&#8211; Termal Kamera \u00d6l\u00e7\u00fcm\u00fc<\/div>\n<div>&#8211; Katotik Koruma \u00d6l\u00e7\u00fcm\u00fc<\/div>\n<div>&#8211; Harmonik \u00d6l\u00e7\u00fcm<\/div>\n<div><\/div>\n<div><\/div>\n<div><strong>Forklift Kullanma Yeterlik Belgesi:<\/strong><\/div>\n<div><\/div>\n<div>\u0130\u015fyerinde Forklift kullan\u0131l\u0131yorsa bu arac\u0131 kullanan ki\u015finin ehliyetli olmas\u0131 gerekmektedir. Bu arac\u0131 kullananlar Forklift Kullanma Yeterlik Belgesine sahip olacaklard\u0131r.<\/div>\n<div><\/div>\n<div><strong>\u0130\u015f Makinesi Kullan\u0131m Belgesi:<\/strong><\/div>\n<div><\/div>\n<div>\u0130\u015fyerinde lastik tekerlekli i\u015f makinesi kullan\u0131l\u0131yorsa bu arac\u0131 kullanan ki\u015finin G-Tipi Operat\u00f6r Ehliyetine sahip olmas\u0131 gerekmektedir.<\/div>\n<div><\/div>\n<div><strong>Kazanc\u0131 Belgesi:<\/strong><\/div>\n<div><\/div>\n<div>\u0130\u015fyerinde bulunan kazanlar\u0131 \u00e7al\u0131\u015ft\u0131ran ki\u015filerin bu belgeye sahip olan ki\u015filer olmas\u0131 gerekmektedir.<\/div>\n<div><\/div>\n<div><strong>Topraklama Kontrol\u00fc:<\/strong><\/div>\n<div><\/div>\n<div>Topraklama devresi, d\u00fc\u015f\u00fck diren\u00e7li iletkenden yap\u0131lm\u0131\u015f olacak ve ba\u011fland\u0131\u011f\u0131 cihaz\u0131n izolesinde meydana gelecek en b\u00fcy\u00fck ka\u00e7a\u011f\u0131 (k\u0131sa devreyi) iletecek kapasitede olacak veya devrede, gerekti\u011finde o cihaz\u0131 devreden \u00e7\u0131karacak, uygun bir devre kesme tertibat\u0131 bulunacak ve topraklama tesisat\u0131, uygun bir \u015fekilde korunacakt\u0131r. Elektrik iletkenlerinin mahfazalar\u0131, metal mahfaza borular\u0131, elektrik te\u00e7hizat\u0131n\u0131n metal koruyucular\u0131 ve di\u011fer gerilim alt\u0131nda bulunmayan yal\u0131t\u0131lm\u0131\u015f k\u0131s\u0131mlar\u0131 uygun bir \u015fekilde topraklanacakt\u0131r. Alternatif veya do\u011fru ak\u0131mla \u00e7al\u0131\u015fan \u00e7\u0131plak metal k\u0131s\u0131ml\u0131 elektrik cihazlar\u0131, uygun bir \u015fekilde topraklanacakt\u0131r. Topraklama sisteminin uygunlu\u011fu y\u0131lda bir defa diren\u00e7 \u00f6l\u015f\u00e7\u00fcm\u00fc yap\u0131larak kontrol edilerek belgelendirilecektir. (\u0130\u015f\u00e7i Sa\u011fl\u0131\u011f\u0131 ve \u0130\u015f G\u00fcvenli\u011fi T\u00fcz\u00fc\u011f\u00fc MAdde: 295, 296,297,353), Topraklama Y\u00f6netmeli\u011fi Madde:10-EK\/P),<\/div>\n<div><\/div>\n<div><strong>Paratonerin Kontrol\u00fc:<\/strong><\/div>\n<div><\/div>\n<div>Parlay\u0131c\u0131, Patlay\u0131c\u0131, tehlikeli ve zararl\u0131 maddelerin \u00fcretildi\u011fi i\u015flendi\u011fi veya depoland\u0131\u011f\u0131 binalar, y\u0131ld\u0131r\u0131ma kar\u015f\u0131 y\u00fcr\u00fcrl\u00fckteki mevzuat\u0131n \u00f6ng\u00f6rd\u00fc\u011f\u00fc sistemlerle donat\u0131lacakt\u0131r. Paratonerler ve y\u0131ld\u0131r\u0131ma kar\u015f\u0131 al\u0131nan koruyucu tertibat y\u0131lda en az bir defa ehliyetli bir elemana kontrol ettirilecektir. D\u00fczenlenen belge ilgililerin her isteminde g\u00f6sterilmek \u00fczere i\u015fyerinde saklanacakt\u0131r. (\u0130\u015f\u00e7i Sa\u011fl\u0131\u011f\u0131 ve \u0130\u015f G\u00fcvenli\u011fi T\u00fcz\u00fc\u011f\u00fc Madde:343, Parlay\u0131c\u0131 Patlay\u0131c\u0131 Tehlikeli ve Zararl\u0131 Maddelerle \u00c7al\u0131\u015f\u0131lan \u0130\u015fyerlerinde ve \u0130\u015flerde Al\u0131nacak Tedbirler Hakk\u0131nda T\u00fcz\u00fck MAdde:57)<\/div>\n<\/div>\n","protected":false},"excerpt":{"rendered":"<p>Periyodik Kontroller \u0130\u015f Yeri Periyodik \u00d6l\u00e7\u00fcmler ve Periyodik Kontroller \u0130\u015f Yeri Periyodik Kontroller Kald\u0131rma Ara\u00e7lar\u0131 Periyodik Kontrollerimiz; &#8211; Forklift Periyodik Kontrol\u00fc &#8211; Transpalet Periyodik Kontrol\u00fc &#8211; Mobil Vin\u00e7 Periyodik Kontrol\u00fc &#8211; Vin\u00e7 Periyodik Kontrol\u00fc &#8211; Caraskal Periyodik Kontrol\u00fc &#8211; Y\u00fck Asans\u00f6r\u00fc Periyodik Kontrol\u00fc &#8211; Ara\u00e7 Kald\u0131rma Lifti Periyodik Kontrol\u00fc &#8211; Kald\u0131rma Platformu Periyodik Kontrol\u00fc &#8211; [&hellip;]<\/p>\n","protected":false},"author":1,"featured_media":0,"parent":2500,"menu_order":0,"comment_status":"closed","ping_status":"closed","template":"","meta":{"footnotes":""},"class_list":["post-2534","page","type-page","status-publish","hentry"],"_links":{"self":[{"href":"http:\/\/www.pratikosgb.com\/index.php\/wp-json\/wp\/v2\/pages\/2534"}],"collection":[{"href":"http:\/\/www.pratikosgb.com\/index.php\/wp-json\/wp\/v2\/pages"}],"about":[{"href":"http:\/\/www.pratikosgb.com\/index.php\/wp-json\/wp\/v2\/types\/page"}],"author":[{"embeddable":true,"href":"http:\/\/www.pratikosgb.com\/index.php\/wp-json\/wp\/v2\/users\/1"}],"replies":[{"embeddable":true,"href":"http:\/\/www.pratikosgb.com\/index.php\/wp-json\/wp\/v2\/comments?post=2534"}],"version-history":[{"count":2,"href":"http:\/\/www.pratikosgb.com\/index.php\/wp-json\/wp\/v2\/pages\/2534\/revisions"}],"predecessor-version":[{"id":2616,"href":"http:\/\/www.pratikosgb.com\/index.php\/wp-json\/wp\/v2\/pages\/2534\/revisions\/2616"}],"up":[{"embeddable":true,"href":"http:\/\/www.pratikosgb.com\/index.php\/wp-json\/wp\/v2\/pages\/2500"}],"wp:attachment":[{"href":"http:\/\/www.pratikosgb.com\/index.php\/wp-json\/wp\/v2\/media?parent=2534"}],"curies":[{"name":"wp","href":"https:\/\/api.w.org\/{rel}","templated":true}]}}