{"id":2665,"date":"2016-02-25T12:23:05","date_gmt":"2016-02-25T10:23:05","guid":{"rendered":"http:\/\/www.pratikosgb.com\/?page_id=2665"},"modified":"2016-02-25T12:23:05","modified_gmt":"2016-02-25T10:23:05","slug":"yangin-egitimleri","status":"publish","type":"page","link":"http:\/\/www.pratikosgb.com\/index.php\/hizmetlerimiz\/egitim-hizmetleri\/yangin-egitimleri\/","title":{"rendered":"Yang\u0131n E\u011fitimleri"},"content":{"rendered":"<p>Yang\u0131n E\u011fitimleri<\/p>\n","protected":false},"excerpt":{"rendered":"<p>Yang\u0131n E\u011fitimleri<\/p>\n","protected":false},"author":1,"featured_media":0,"parent":2520,"menu_order":0,"comment_status":"closed","ping_status":"closed","template":"","meta":{"footnotes":""},"class_list":["post-2665","page","type-page","status-publish","hentry"],"_links":{"self":[{"href":"http:\/\/www.pratikosgb.com\/index.php\/wp-json\/wp\/v2\/pages\/2665"}],"collection":[{"href":"http:\/\/www.pratikosgb.com\/index.php\/wp-json\/wp\/v2\/pages"}],"about":[{"href":"http:\/\/www.pratikosgb.com\/index.php\/wp-json\/wp\/v2\/types\/page"}],"author":[{"embeddable":true,"href":"http:\/\/www.pratikosgb.com\/index.php\/wp-json\/wp\/v2\/users\/1"}],"replies":[{"embeddable":true,"href":"http:\/\/www.pratikosgb.com\/index.php\/wp-json\/wp\/v2\/comments?post=2665"}],"version-history":[{"count":1,"href":"http:\/\/www.pratikosgb.com\/index.php\/wp-json\/wp\/v2\/pages\/2665\/revisions"}],"predecessor-version":[{"id":2666,"href":"http:\/\/www.pratikosgb.com\/index.php\/wp-json\/wp\/v2\/pages\/2665\/revisions\/2666"}],"up":[{"embeddable":true,"href":"http:\/\/www.pratikosgb.com\/index.php\/wp-json\/wp\/v2\/pages\/2520"}],"wp:attachment":[{"href":"http:\/\/www.pratikosgb.com\/index.php\/wp-json\/wp\/v2\/media?parent=2665"}],"curies":[{"name":"wp","href":"https:\/\/api.w.org\/{rel}","templated":true}]}}