{"id":7,"date":"2015-12-29T16:33:03","date_gmt":"2015-12-29T14:33:03","guid":{"rendered":"http:\/\/www.pratikosgb.com\/?page_id=7"},"modified":"2016-06-01T01:42:19","modified_gmt":"2016-05-31T22:42:19","slug":"iletisim","status":"publish","type":"page","link":"http:\/\/www.pratikosgb.com\/index.php\/iletisim\/","title":{"rendered":"\u0130leti\u015fim"},"content":{"rendered":"<div class=\"vc_row wpb_row vc_row-fluid\"><div class=\"wpb_column vc_column_container vc_col-sm-4\"><div class=\"wpb_wrapper\">\n\t<div class=\"wpb_text_column wpb_content_element \">\n\t\t<div class=\"wpb_wrapper\">\n\t\t\t<p><i class=\" icon-info\"><\/i>\u00a0\u00a0PRAT\u0130K ORTAK SA\u011eLIK G\u00dcVENL\u0130K B\u0130R\u0130M\u0130 VE E\u011e\u0130T\u0130M H\u0130ZMETLER\u0130 LTD. \u015eT\u0130<\/p>\n<p><i class=\" icon-location-5\"><\/i>\u00a0 Oru\u00e7 Reis Mahallesi Tekstilkent Ticaret Merkezi A1 Blok No:40 Esenler \/ \u0130stanbul<\/p>\n<p><i class=\" icon-phone\"><\/i>\u00a0\u00a00212 438 06 06<\/p>\n<p><i class=\" icon-mail-1\"><\/i>\u00a0 info@pratikosgb.com<\/p>\n\n\t\t<\/div>\n\t<\/div>\n<\/div><\/div><div class=\"wpb_column vc_column_container vc_col-sm-4\"><div class=\"wpb_wrapper\">\t<div class=\"contact_wraper \"  data-wow-delay=\"0ms\" data-wow-iteration=\"1\" >\r\n\r\n\t\t<form method=\"POST\" data-action=\"http:\/\/www.pratikosgb.com\/wp-admin\/admin-ajax.php\" class=\"form-box register-form contact-form\" id=\"contactform\">\r\n\t\t\t<input type=\"hidden\" name=\"_wpnonce\" value=\"3320de1bf5\" \/>\r\n\t\t\t<h3 class=\"title\"><\/h3>\r\n\t\t\t<div id=\"success\"><\/div>\r\n\t\t\t<label>Name: <span class=\"required\">*<\/span><\/label>\r\n\t\t\t<input id=\"cf_name\" type=\"text\" name=\"name\" class=\"form-control\">\r\n\t\t\t<label>Email Address: <span class=\"required\">*<\/span><\/label>\r\n\t\t\t<input id=\"cf_email\" type=\"email\" name=\"email\" class=\"form-control\">\r\n\t\t\t<label>Telephone:<\/label>\r\n\t\t\t<input id=\"cf_phone\" type=\"text\" name=\"phone\" class=\"form-control\">\r\n\t\t\t<label>Comment:<\/label>\r\n\t\t\t<textarea id=\"cf_message\" name=\"comment\" class=\"form-control\"><\/textarea>\r\n\t\t\t<div class=\"clearfix\"><\/div>\r\n\t\t\t<div class=\"buttons-box clearfix\">\r\n\t\t\t\t<input type=\"hidden\" name=\"your_email\" id=\"your_email\" value=\"7\" \/>\r\n\t\t\t\t<button class=\"btn btn-default\" id=\"submit\">Submit<\/button>\r\n\t\t\t\t<span class=\"required\"><b>*<\/b> Required Field<\/span>\r\n\t\t\t<\/div><!-- .buttons-box -->\r\n\t\t<\/form>\r\n\t\t<div id=\"valid-issue\" style=\"display:none;\"> Please Provide Valid Information<\/div>\r\n\t<\/div>\r\n\t<\/div><\/div><div class=\"wpb_column vc_column_container vc_col-sm-4\"><div class=\"wpb_wrapper\"><div class=\"wpb_gmaps_widget wpb_content_element\">\n\t<div class=\"wpb_wrapper\">\n\t<div class=\"wpb_map_wraper\">\n\t\t<iframe loading=\"lazy\" src=\"https:\/\/www.google.com\/maps\/embed?pb=!1m14!1m8!1m3!1d12032.743954179688!2d28.8533123!3d41.064927!3m2!1i1024!2i768!4f13.1!3m3!1m2!1s0x0%3A0x7e16ff94b57a5216!2zUFJBVMSwSyBPUlRBSyBTQcSeTElLIEfDnFZFTkzEsEsgQsSwUsSwTcSwIFZFIEXEnsSwVMSwTSBIxLBaTUVUTEVSxLAgTFRELiDFnlTEsC4!5e0!3m2!1str!2str!4v1464733412073\" width=\"360\" height=\"533\" frameborder=\"0\" style=\"border:0\" allowfullscreen><\/iframe>\t<\/div>\n\t<\/div>\n\t<\/div>\n<\/div><\/div><\/div>\n","protected":false},"excerpt":{"rendered":"\u00a0\u00a0PRAT\u0130K ORTAK SA\u011eLIK G\u00dcVENL\u0130K B\u0130R\u0130M\u0130 VE E\u011e\u0130T\u0130M H\u0130ZMETLER\u0130 LTD. \u015eT\u0130 \u00a0 Oru\u00e7 Reis Mahallesi Tekstilkent Ticaret Merkezi A1 Blok No:40 Esenler \/ \u0130stanbul \u00a0\u00a00212 438 06 06 \u00a0 info@pratikosgb.com Name: * Email Address: * Telephone: Comment: Submit * Required Field Please Provide Valid Information","protected":false},"author":1,"featured_media":0,"parent":0,"menu_order":0,"comment_status":"closed","ping_status":"closed","template":"templates\/template-full-width.php","meta":{"footnotes":""},"class_list":["post-7","page","type-page","status-publish","hentry"],"_links":{"self":[{"href":"http:\/\/www.pratikosgb.com\/index.php\/wp-json\/wp\/v2\/pages\/7"}],"collection":[{"href":"http:\/\/www.pratikosgb.com\/index.php\/wp-json\/wp\/v2\/pages"}],"about":[{"href":"http:\/\/www.pratikosgb.com\/index.php\/wp-json\/wp\/v2\/types\/page"}],"author":[{"embeddable":true,"href":"http:\/\/www.pratikosgb.com\/index.php\/wp-json\/wp\/v2\/users\/1"}],"replies":[{"embeddable":true,"href":"http:\/\/www.pratikosgb.com\/index.php\/wp-json\/wp\/v2\/comments?post=7"}],"version-history":[{"count":15,"href":"http:\/\/www.pratikosgb.com\/index.php\/wp-json\/wp\/v2\/pages\/7\/revisions"}],"predecessor-version":[{"id":2968,"href":"http:\/\/www.pratikosgb.com\/index.php\/wp-json\/wp\/v2\/pages\/7\/revisions\/2968"}],"wp:attachment":[{"href":"http:\/\/www.pratikosgb.com\/index.php\/wp-json\/wp\/v2\/media?parent=7"}],"curies":[{"name":"wp","href":"https:\/\/api.w.org\/{rel}","templated":true}]}}